{"id":9,"date":"2025-10-15T16:37:02","date_gmt":"2025-10-15T16:37:02","guid":{"rendered":"https:\/\/nordtoppen.com\/?page_id=9"},"modified":"2025-10-23T14:05:50","modified_gmt":"2025-10-23T14:05:50","slug":"tjanster","status":"publish","type":"page","link":"https:\/\/nordtoppen.com\/?page_id=9","title":{"rendered":"Erbjudande"},"content":{"rendered":"\n<h2 class=\"wp-block-heading\">Strategier f\u00f6r framtiden<\/h2>\n\n\n\n<p>Vet du vart ni \u00e4r p\u00e5 v\u00e4g och varf\u00f6r?<\/p>\n\n\n\n<p>Vi finns d\u00e4r f\u00f6r dig, ditt f\u00f6retag eller organisation i er resa att formulera visioner, l\u00e5ngsiktiga strategier och m\u00e5l i en v\u00e4lf\u00f6rankrad aff\u00e4rsplan.<\/p>\n\n\n\n<p>Vi hj\u00e4lper \u00e4ven \u00e4gare i \u00e4garledda f\u00f6retag att ta fram \u00e4gardirektiv baserat p\u00e5 individuella dr\u00f6mmar och visioner. Ett v\u00e4lf\u00f6rankrat \u00e4gardirektiv skapar goda f\u00f6ruts\u00e4ttningar f\u00f6r framg\u00e5ngsrikt styrelsearbete och kraftfulla aff\u00e4rsplaner.<\/p>\n\n\n\n<p>F\u00f6retagskulturen \u00e4r en nyckel till tillv\u00e4xt och l\u00f6nsamhet. Med v\u00e5rt st\u00f6d kan ni f\u00f6rflytta er kultur s\u00e5 att den st\u00f6djer era strategier f\u00f6r framtiden.<\/p>\n\n\n\n<h2 class=\"wp-block-heading\">Aff\u00e4rsutveckling f\u00f6r tillv\u00e4xt<\/h2>\n\n\n\n<p>Aff\u00e4rsutveckling handlar om att ta ditt f\u00f6retag till n\u00e4sta<strong> <\/strong>niv\u00e5.&nbsp;Det \u00e4r en smart och strukturerad v\u00e4g f\u00f6r att hitta nya m\u00f6jligheter, v\u00e4ssa id\u00e9er, f\u00f6rb\u00e4ttra erbjudanden och f\u00e5 aff\u00e4rsmodellen att verkligen leverera. Du jobbar tillsammans med oss b\u00e5de strategiskt och hands-on med visioner, m\u00e5l, s\u00e4lj, kundrelationer och processer \u2013 allt f\u00f6r att skapa tillv\u00e4xt och \u00f6ka l\u00f6nsamheten. <\/p>\n\n\n\n<p>Vi erbjuder \u00e4ven f\u00f6rstudier och kartl\u00e4ggningar inf\u00f6r nya framtidssatsningar eller nya aff\u00e4rer.<\/p>\n\n\n\n<h2 class=\"wp-block-heading\">Ledarskap<\/h2>\n\n\n\n<p>Vi erbjuder strategisk r\u00e5dgivning, mentorskap, interimsledarskap och styrelsekompetens.<\/p>\n\n\n\n<p>Nordtoppen utf\u00f6r \u00e4ven uppdrag som moderator. <\/p>\n\n\n\n<p><\/p>\n","protected":false},"excerpt":{"rendered":"<p>Strategier f\u00f6r framtiden Vet du vart ni \u00e4r p\u00e5 v\u00e4g och varf\u00f6r? Vi finns d\u00e4r f\u00f6r dig, ditt f\u00f6retag eller organisation i er resa att formulera visioner, l\u00e5ngsiktiga strategier och m\u00e5l i en v\u00e4lf\u00f6rankrad aff\u00e4rsplan. Vi hj\u00e4lper \u00e4ven \u00e4gare i \u00e4garledda f\u00f6retag att ta fram \u00e4gardirektiv baserat p\u00e5 individuella dr\u00f6mmar och visioner. Ett v\u00e4lf\u00f6rankrat \u00e4gardirektiv [&hellip;]<\/p>\n","protected":false},"author":1,"featured_media":0,"parent":0,"menu_order":0,"comment_status":"closed","ping_status":"closed","template":"","meta":{"footnotes":""},"class_list":["post-9","page","type-page","status-publish","hentry"],"_links":{"self":[{"href":"https:\/\/nordtoppen.com\/index.php?rest_route=\/wp\/v2\/pages\/9","targetHints":{"allow":["GET"]}}],"collection":[{"href":"https:\/\/nordtoppen.com\/index.php?rest_route=\/wp\/v2\/pages"}],"about":[{"href":"https:\/\/nordtoppen.com\/index.php?rest_route=\/wp\/v2\/types\/page"}],"author":[{"embeddable":true,"href":"https:\/\/nordtoppen.com\/index.php?rest_route=\/wp\/v2\/users\/1"}],"replies":[{"embeddable":true,"href":"https:\/\/nordtoppen.com\/index.php?rest_route=%2Fwp%2Fv2%2Fcomments&post=9"}],"version-history":[{"count":7,"href":"https:\/\/nordtoppen.com\/index.php?rest_route=\/wp\/v2\/pages\/9\/revisions"}],"predecessor-version":[{"id":88,"href":"https:\/\/nordtoppen.com\/index.php?rest_route=\/wp\/v2\/pages\/9\/revisions\/88"}],"wp:attachment":[{"href":"https:\/\/nordtoppen.com\/index.php?rest_route=%2Fwp%2Fv2%2Fmedia&parent=9"}],"curies":[{"name":"wp","href":"https:\/\/api.w.org\/{rel}","templated":true}]}}